{"id":54,"date":"2014-03-24T21:27:49","date_gmt":"2014-03-24T19:27:49","guid":{"rendered":"http:\/\/versuch.mfc-neustadt.de\/?page_id=54"},"modified":"2025-03-24T05:56:23","modified_gmt":"2025-03-24T03:56:23","slug":"impressum","status":"publish","type":"page","link":"https:\/\/mfc-neustadt.de\/?page_id=54","title":{"rendered":"Impressum"},"content":{"rendered":"<p>Diese Seite ist die offizielle Webseite des MFC Neustadt\/Donau . Folgende Angaben m\u00fcssen aufgrund der geltenden Rechtsprechung gemacht werden:<\/p>\n<h2><a name=\"4235469d7a0646d01\"><\/a>MFC Neustadt<\/h2>\n<p><b><i>1. Vorstand<\/i><\/b><\/p>\n<p>Ernst Frey<br \/>\nBad G\u00f6gginger Str.19<br \/>\n93333 Neustadt an der Donau<br \/>\n<a href=\"mailto:vorstand@mfc-neustadt.de\" target=\"_blank\" rel=\"noopener noreferrer\">vorstand@mfc-neustadt.de<\/a><b><\/b><\/p>\n<p>Tel.:01728259072<\/p>\n<p><i>Webmaster<\/i><\/p>\n<p>Norbert Schlauderer<br \/>\nRegensburgerstra\u00dfe 21<br \/>\n93326 Abensberg<br \/>\n<a href=\"mailto:webmaster@mfc-neustadt.de\" target=\"_blank\" rel=\"noopener noreferrer\">webmaster@mfc-neustadt.de<\/a><b><\/b><\/p>\n<p>Tel.:09443\/906425<\/p>\n<h2><a name=\"4235469d7a0650803\"><\/a>Haftungsausschlu\u00df<\/h2>\n<p>Mit dem Urteil vom 12. Mai 1998 &#8211; 312 O 85\/98 &#8211; &#8222;Haftung f\u00fcr Links&#8220; hat das Landgericht Hamburg entschieden, dass man durch die Erstellung eines Links die Inhalte der gelinkten Seite ggf. mit zu verantworten hat. Dies kann &#8211; so das Gericht &#8211; nur dadurch verhindert werden, dass man sich ausdr\u00fccklich von diesen Inhalten distanziert. Wir distanzieren uns hiermit ausdr\u00fccklich von allen Inhalten aller gelinkten Seiten auf dieser Seite und machen uns die Inhalte der gelinkten Seiten nicht zu eigen. Diese Erkl\u00e4rung gilt f\u00fcr alle verf\u00fcgbaren Links auf dieser Website.<\/p>\n<h2><a name=\"4235469d7a0652304\"><\/a>Urheberrecht<\/h2>\n<p>Die ver\u00f6ffentlichten Beitr\u00e4ge, Texte, Fotos und grafischen Elemente sind urheberrechtlich gesch\u00fctzt. Alle Rechte vorbehalten. Kein Teil oder Auszug dieser Webseite darf in irgendeiner Form ohne vorherige schriftliche Genehmigung des MFC-Neustadt verarbeitet, vervielf\u00e4ltigt oder verbreitet werden.<\/p>\n<h2><a name=\"4235469d7a0657f05\"><\/a>Recht am Bild<\/h2>\n<p>Sollte sich jemand auf einem Foto &#8222;wieder finden&#8220; und das nicht wollen, dass dieses Bild\/diese Bilder ver\u00f6ffentlich bleiben, dann einfach\u00a0<a href=\"mailto:webmaster@mfc-neustadt.de\" target=\"_blank\" rel=\"noopener noreferrer\">HIER<\/a>\u00a0mailen mit Angabe der Seite und des Bildes.<\/p>\n","protected":false},"excerpt":{"rendered":"<p>Diese Seite ist die offizielle Webseite des MFC Neustadt\/Donau . Folgende Angaben m\u00fcssen aufgrund der geltenden Rechtsprechung gemacht werden: MFC Neustadt 1. Vorstand Ernst Frey Bad G\u00f6gginger Str.19 93333 Neustadt an der Donau vorstand@mfc-neustadt.de Tel.:01728259072 Webmaster Norbert Schlauderer Regensburgerstra\u00dfe 21 93326 Abensberg webmaster@mfc-neustadt.de Tel.:09443\/906425 Haftungsausschlu\u00df Mit dem Urteil vom 12. Mai 1998 &#8211; 312 O [&hellip;]<\/p>\n","protected":false},"author":1,"featured_media":0,"parent":0,"menu_order":13,"comment_status":"closed","ping_status":"closed","template":"","meta":{"_crdt_document":"","footnotes":""},"class_list":["post-54","page","type-page","status-publish","hentry"],"_links":{"self":[{"href":"https:\/\/mfc-neustadt.de\/index.php?rest_route=\/wp\/v2\/pages\/54","targetHints":{"allow":["GET"]}}],"collection":[{"href":"https:\/\/mfc-neustadt.de\/index.php?rest_route=\/wp\/v2\/pages"}],"about":[{"href":"https:\/\/mfc-neustadt.de\/index.php?rest_route=\/wp\/v2\/types\/page"}],"author":[{"embeddable":true,"href":"https:\/\/mfc-neustadt.de\/index.php?rest_route=\/wp\/v2\/users\/1"}],"replies":[{"embeddable":true,"href":"https:\/\/mfc-neustadt.de\/index.php?rest_route=%2Fwp%2Fv2%2Fcomments&post=54"}],"version-history":[{"count":7,"href":"https:\/\/mfc-neustadt.de\/index.php?rest_route=\/wp\/v2\/pages\/54\/revisions"}],"predecessor-version":[{"id":1701,"href":"https:\/\/mfc-neustadt.de\/index.php?rest_route=\/wp\/v2\/pages\/54\/revisions\/1701"}],"wp:attachment":[{"href":"https:\/\/mfc-neustadt.de\/index.php?rest_route=%2Fwp%2Fv2%2Fmedia&parent=54"}],"curies":[{"name":"wp","href":"https:\/\/api.w.org\/{rel}","templated":true}]}}