{"id":35,"date":"2014-03-24T21:04:42","date_gmt":"2014-03-24T19:04:42","guid":{"rendered":"http:\/\/versuch.mfc-neustadt.de\/?page_id=35"},"modified":"2019-01-28T21:03:11","modified_gmt":"2019-01-28T19:03:11","slug":"startseite","status":"publish","type":"page","link":"https:\/\/mfc-neustadt.de\/","title":{"rendered":"Startseite"},"content":{"rendered":"\n<h2 class=\"wp-block-heading\" style=\"text-align:center\"> <br><strong>Herzlich Willkommen beim MFC-Neustadt<\/strong> <\/h2>\n\n\n\n<figure class=\"wp-block-image\"><img loading=\"lazy\" decoding=\"async\" width=\"720\" height=\"616\" src=\"http:\/\/mfc-neustadt.de\/wp-content\/uploads\/2014\/03\/Flugtag_sortiert_2011_FG-206_03.jpg\" alt=\"\" class=\"wp-image-457\" srcset=\"https:\/\/mfc-neustadt.de\/wp-content\/uploads\/2014\/03\/Flugtag_sortiert_2011_FG-206_03.jpg 720w, https:\/\/mfc-neustadt.de\/wp-content\/uploads\/2014\/03\/Flugtag_sortiert_2011_FG-206_03-300x256.jpg 300w\" sizes=\"auto, (max-width: 720px) 100vw, 720px\" \/><\/figure>\n\n\n\n<p class=\"wp-block-paragraph\">Wir freuen uns, dass Sie unsere Webseite besuchen und m\u00f6chten Ihnen auf diesem Wege m\u00f6glichst viele n\u00fctzliche Informationen \u00fcber unseren Verein und all das, was dazu geh\u00f6rt, bereit stellen.<\/p>\n\n\n\n<div class=\"wp-block-columns has-3-columns is-layout-flex wp-container-core-columns-is-layout-8f761849 wp-block-columns-is-layout-flex\">\n<div class=\"wp-block-column is-layout-flow wp-block-column-is-layout-flow\">\n<p class=\"wp-block-paragraph\" style=\"text-align:center\"><a class=\"maxbutton-12 maxbutton maxbutton-der-mfc-auf-facebook\" href=\"https:\/\/www.facebook.com\/groups\/1239819882817547\/?ref=bookmarks\"><span class='mb-text'>Der MFC auf Facebook<\/span><\/a><\/p>\n<\/div>\n\n\n\n<div class=\"wp-block-column is-layout-flow wp-block-column-is-layout-flow\">\n<figure class=\"wp-block-image\"><a href=\"https:\/\/www.modellfliegen.de\/\" target=\"_blank\" rel=\"noreferrer noopener\"><img decoding=\"async\" src=\"http:\/\/mfc-neustadt.de\/wp-content\/uploads\/2019\/01\/DMFV-Modellfliegen.gif\" alt=\"\"\/><\/a><\/figure>\n<\/div>\n\n\n\n<div class=\"wp-block-column is-layout-flow wp-block-column-is-layout-flow\">\n<p class=\"wp-block-paragraph\" style=\"text-align:center\"><a class=\"maxbutton-9 maxbutton maxbutton-wichtige-informationen-fur-einsteiger\" href=\"http:\/\/www.lvbayern.de\/mitgliederservice\/sparten-und-luftsportjugend\/modellflug\/informationen-fuer-einsteiger\/\"><span class='mb-text'>Wichtige Informationen f\u00fcr Einsteiger<\/span><\/a> <\/p>\n<\/div>\n<\/div>\n","protected":false},"excerpt":{"rendered":"<p>Herzlich Willkommen beim MFC-Neustadt Wir freuen uns, dass Sie unsere Webseite besuchen und m\u00f6chten Ihnen auf diesem Wege m\u00f6glichst viele n\u00fctzliche Informationen \u00fcber unseren Verein und all das, was dazu geh\u00f6rt, bereit stellen.<\/p>\n","protected":false},"author":1,"featured_media":0,"parent":0,"menu_order":1,"comment_status":"closed","ping_status":"closed","template":"","meta":{"_crdt_document":"","footnotes":""},"class_list":["post-35","page","type-page","status-publish","hentry"],"_links":{"self":[{"href":"https:\/\/mfc-neustadt.de\/index.php?rest_route=\/wp\/v2\/pages\/35","targetHints":{"allow":["GET"]}}],"collection":[{"href":"https:\/\/mfc-neustadt.de\/index.php?rest_route=\/wp\/v2\/pages"}],"about":[{"href":"https:\/\/mfc-neustadt.de\/index.php?rest_route=\/wp\/v2\/types\/page"}],"author":[{"embeddable":true,"href":"https:\/\/mfc-neustadt.de\/index.php?rest_route=\/wp\/v2\/users\/1"}],"replies":[{"embeddable":true,"href":"https:\/\/mfc-neustadt.de\/index.php?rest_route=%2Fwp%2Fv2%2Fcomments&post=35"}],"version-history":[{"count":73,"href":"https:\/\/mfc-neustadt.de\/index.php?rest_route=\/wp\/v2\/pages\/35\/revisions"}],"predecessor-version":[{"id":1462,"href":"https:\/\/mfc-neustadt.de\/index.php?rest_route=\/wp\/v2\/pages\/35\/revisions\/1462"}],"wp:attachment":[{"href":"https:\/\/mfc-neustadt.de\/index.php?rest_route=%2Fwp%2Fv2%2Fmedia&parent=35"}],"curies":[{"name":"wp","href":"https:\/\/api.w.org\/{rel}","templated":true}]}}